{"id":7,"date":"2026-01-26T16:08:32","date_gmt":"2026-01-26T16:08:32","guid":{"rendered":"https:\/\/kommindieklaenge.de\/?page_id=7"},"modified":"2026-02-14T16:47:45","modified_gmt":"2026-02-14T15:47:45","slug":"komm-in-die-klaenge","status":"publish","type":"page","link":"https:\/\/kommindieklaenge.de\/","title":{"rendered":"Komm in die Kl\u00e4nge"},"content":{"rendered":"\n<p><strong>Musikkurse f\u00fcr Babys und Kleinkinder in Hamburg<\/strong><\/p>\n\n\n\n<div class=\"wp-block-cover alignfull is-light has-contrast-color has-text-color has-link-color wp-elements-1e554f4032c4da0efb888e186102a93a\" style=\"margin-top:0;margin-bottom:0;padding-top:var(--wp--preset--spacing--60);padding-right:var(--wp--preset--spacing--50);padding-bottom:var(--wp--preset--spacing--60);padding-left:var(--wp--preset--spacing--50)\"><span aria-hidden=\"true\" class=\"wp-block-cover__background has-base-background-color has-background-dim-100 has-background-dim\"><\/span><div class=\"wp-block-cover__inner-container has-global-padding is-layout-constrained wp-container-core-cover-is-layout-873ee6b1 wp-block-cover-is-layout-constrained\">\n<div class=\"wp-block-columns alignwide is-layout-flex wp-container-core-columns-is-layout-7ee84d44 wp-block-columns-is-layout-flex\">\n<div class=\"wp-block-column is-layout-flow wp-block-column-is-layout-flow\" style=\"flex-basis:65%\">\n<div class=\"wp-block-group is-vertical is-content-justification-stretch is-layout-flex wp-container-core-group-is-layout-353c4f5a wp-block-group-is-layout-flex\">\n<h2 class=\"wp-block-heading has-text-align-left\" style=\"font-size:clamp(8.042rem, 8.042rem + ((1vw - 0.2rem) * 21.895), 22rem);font-style:normal;font-weight:300;letter-spacing:-0.03em;line-height:1.4\">Hey,<\/h2>\n\n\n\n<p class=\"is-style-text-subtitle is-style-text-subtitle--1\">ich bin <strong>Katharina Kolbe<\/strong> und Musik ist meine Herzenssprache.<br>Mit fundiertem Hintergrund in Sprach- und Erziehungswissenschaft, einer musikalischen Ausbildung und als Tanz- und Bewegungstrainerin gestalte ich liebevoll konzipierte Musikstunden f\u00fcr <strong>Babys und Kleinkinder<\/strong>, in denen sich <strong>Musik, Sprache und Bewegung<\/strong> auf nat\u00fcrliche Weise verbinden.<br>Gemeinsam singen, tanzen und musizieren wir \u2013 begleitet von Gitarre, Klangh\u00f6lzern, Rasseleiern und Trommeln sowie durch unterst\u00fctzende Gestik und Geb\u00e4rden. So entstehen lebendige, ganzheitliche Musikerlebnisse, die Kinder spielerisch f\u00f6rdern und begeistern.<br>Mein Ziel: <strong>Musik mit allen Sinnen erfahrbar machen<\/strong>, Freude wecken und gleichzeitig die sprachliche, motorische und musikalische Entwicklung der Kinder nachhaltig unterst\u00fctzen.<\/p>\n\n\n\n<p class=\"is-style-text-subtitle is-style-text-subtitle--2\">Aktuell musiziere ich in Kooperation mit folgenden Institutionen:<br>-KiFaZ im Barmbek BASCH<br>-SieNa Nachbarschaftstreff, Hamm<br>-Elternschule-Hohenhorst<br>-Kulturpalast Harburg<\/p>\n\n\n\n<p><a href=\"https:\/\/mein.online-impressum.de\/kommindieklaenge\/?utm_source=ig&amp;utm_medium=social&amp;utm_content=link_in_bio&amp;fbclid=PAb21jcAPkdi9leHRuA2FlbQIxMQBzcnRjBmFwcF9pZA81NjcwNjczNDMzNTI0MjcAAacWkCMcRut6J7byLybw8JaWx1G3dTUG1X4cBqB2bYpfjQR2zzRx3PiSV2u9vw_aem_0GCpu94cxz56-TRHWEr8Vg\">Impressum<\/a><\/p>\n\n\n\n<p><\/p>\n<\/div>\n<\/div>\n\n\n\n<div class=\"wp-block-column is-layout-flow wp-block-column-is-layout-flow\" style=\"flex-basis:35%\">\n<div class=\"wp-block-group is-vertical is-content-justification-stretch is-nowrap is-layout-flex wp-container-core-group-is-layout-73b0033c wp-block-group-is-layout-flex\">\n<figure class=\"wp-block-image size-full\"><img loading=\"lazy\" decoding=\"async\" width=\"1156\" height=\"1584\" src=\"https:\/\/kommindieklaenge.de\/wp-content\/uploads\/2026\/01\/Portrait-New-Quay.jpg\" alt=\"\" class=\"wp-image-8\" style=\"aspect-ratio:3\/4;object-fit:cover\" srcset=\"https:\/\/kommindieklaenge.de\/wp-content\/uploads\/2026\/01\/Portrait-New-Quay.jpg 1156w, https:\/\/kommindieklaenge.de\/wp-content\/uploads\/2026\/01\/Portrait-New-Quay-219x300.jpg 219w, https:\/\/kommindieklaenge.de\/wp-content\/uploads\/2026\/01\/Portrait-New-Quay-747x1024.jpg 747w, https:\/\/kommindieklaenge.de\/wp-content\/uploads\/2026\/01\/Portrait-New-Quay-768x1052.jpg 768w, https:\/\/kommindieklaenge.de\/wp-content\/uploads\/2026\/01\/Portrait-New-Quay-1121x1536.jpg 1121w\" sizes=\"auto, (max-width: 1156px) 100vw, 1156px\" \/><\/figure>\n\n\n\n<p class=\"has-text-align-right has-x-large-font-size\" style=\"line-height:1.2\"><a href=\"https:\/\/www.instagram.com\/kommindieklaenge\">Instagram<\/a><br><\/p>\n<\/div>\n<\/div>\n<\/div>\n<\/div><\/div>\n","protected":false},"excerpt":{"rendered":"<p>Musikkurse f\u00fcr Babys und Kleinkinder in Hamburg<\/p>\n","protected":false},"author":1,"featured_media":0,"parent":0,"menu_order":0,"comment_status":"closed","ping_status":"closed","template":"","meta":{"footnotes":""},"class_list":["post-7","page","type-page","status-publish","hentry"],"_links":{"self":[{"href":"https:\/\/kommindieklaenge.de\/index.php?rest_route=\/wp\/v2\/pages\/7","targetHints":{"allow":["GET"]}}],"collection":[{"href":"https:\/\/kommindieklaenge.de\/index.php?rest_route=\/wp\/v2\/pages"}],"about":[{"href":"https:\/\/kommindieklaenge.de\/index.php?rest_route=\/wp\/v2\/types\/page"}],"author":[{"embeddable":true,"href":"https:\/\/kommindieklaenge.de\/index.php?rest_route=\/wp\/v2\/users\/1"}],"replies":[{"embeddable":true,"href":"https:\/\/kommindieklaenge.de\/index.php?rest_route=%2Fwp%2Fv2%2Fcomments&post=7"}],"version-history":[{"count":6,"href":"https:\/\/kommindieklaenge.de\/index.php?rest_route=\/wp\/v2\/pages\/7\/revisions"}],"predecessor-version":[{"id":36,"href":"https:\/\/kommindieklaenge.de\/index.php?rest_route=\/wp\/v2\/pages\/7\/revisions\/36"}],"wp:attachment":[{"href":"https:\/\/kommindieklaenge.de\/index.php?rest_route=%2Fwp%2Fv2%2Fmedia&parent=7"}],"curies":[{"name":"wp","href":"https:\/\/api.w.org\/{rel}","templated":true}]}}